{"id":499,"date":"2023-09-18T22:31:23","date_gmt":"2023-09-18T22:31:23","guid":{"rendered":"https:\/\/dazametales.com\/index.php\/product\/plastico-phenolic-ce\/"},"modified":"2023-09-18T23:49:46","modified_gmt":"2023-09-18T23:49:46","slug":"plastico-phenolic-ce","status":"publish","type":"product","link":"https:\/\/dazametales.com\/index.php\/product\/plastico-phenolic-ce\/","title":{"rendered":"PLASTICO PHENOLIC CE"},"content":{"rendered":"<p><strong>Propiedades F\u00edsicas y Qu\u00edmicas:<\/strong><\/p>\n<ul>\n<li><strong>Composici\u00f3n:<\/strong> El Phenolic CE es un laminado industrial a base de tela de algod\u00f3n y una resina fen\u00f3lica.<\/li>\n<li><strong>Densidad:<\/strong> Aproximadamente 1.35 g\/cm\u00b3.<\/li>\n<li><strong>Resistencia qu\u00edmica:<\/strong> Ofrece resistencia a una variedad de productos qu\u00edmicos y solventes, aunque no es adecuado para entornos \u00e1cidos fuertes o alcalinos.<\/li>\n<li><strong>Estabilidad t\u00e9rmica:<\/strong> Su resistencia a la temperatura puede variar, pero generalmente resiste hasta alrededor de 120\u00b0C.<\/li>\n<\/ul>\n<p><strong>Propiedades Mec\u00e1nicas:<\/strong><\/p>\n<ul>\n<li><strong>Resistencia a la tracci\u00f3n:<\/strong> Alta.<\/li>\n<li><strong>Rigidez:<\/strong> Buena.<\/li>\n<li><strong>Dureza:<\/strong> Alta, resistente al desgaste.<\/li>\n<li><strong>Resistencia al impacto:<\/strong> Media a buena para un laminado fen\u00f3lico.<\/li>\n<\/ul>\n<p><strong>Aplicaciones Comunes:<\/strong><\/p>\n<ul>\n<li><strong>Maquinaria:<\/strong> Utilizado para piezas y componentes en m\u00e1quinas que requieren resistencia al desgaste y buena capacidad de carga.<\/li>\n<li><strong>Industria el\u00e9ctrica:<\/strong> Debido a sus propiedades diel\u00e9ctricas, se utiliza en aplicaciones el\u00e9ctricas y electr\u00f3nicas.<\/li>\n<\/ul>\n<p><strong>Ventajas:<\/strong><\/p>\n<ul>\n<li><strong>Estabilidad dimensional:<\/strong> Mantiene su forma y dimensiones en una variedad de condiciones.<\/li>\n<li><strong>Durabilidad:<\/strong> Ofrece una vida \u00fatil prolongada en aplicaciones de alto desgaste.<\/li>\n<li><strong>Propiedades diel\u00e9ctricas:<\/strong> Buena resistencia a la electricidad, lo que lo hace \u00fatil en aplicaciones el\u00e9ctricas.<\/li>\n<\/ul>\n<p><strong>Precauciones:<\/strong><\/p>\n<ul>\n<li>No es adecuado para entornos \u00e1cidos o alcalinos extremadamente fuertes.<\/li>\n<li>Mientras que tiene una buena resistencia a la temperatura, superar su l\u00edmite puede resultar en degradaci\u00f3n o deformaci\u00f3n del material.<\/li>\n<li>Como con todos los laminados fen\u00f3licos, el Phenolic CE puede ser fr\u00e1gil bajo ciertas condiciones y debe ser manejado y mecanizado con cuidado.<\/li>\n<\/ul>\n<div class=\"wpforms-container wpforms-container-full wpforms-render-modern\" id=\"wpforms-81\"><form id=\"wpforms-form-81\" class=\"wpforms-validate wpforms-form wpforms-ajax-form\" data-formid=\"81\" method=\"post\" enctype=\"multipart\/form-data\" action=\"\/index.php\/wp-json\/wp\/v2\/product\/499\" data-token=\"9bdf5b5665c3036bfc3c72e3860ed960\"><noscript class=\"wpforms-error-noscript\">Please enable JavaScript in your browser to complete this form.<\/noscript><div class=\"wpforms-hidden\" id=\"wpforms-error-noscript\">Please enable JavaScript in your browser to complete this form.<\/div><div class=\"wpforms-field-container\"><div id=\"wpforms-81-field_0-container\" class=\"wpforms-field wpforms-field-name\" data-field-id=\"0\"><fieldset><legend class=\"wpforms-field-label\">Nombre <span class=\"wpforms-required-label\" aria-hidden=\"true\">*<\/span><\/legend><div class=\"wpforms-field-row wpforms-field-medium\"><div class=\"wpforms-field-row-block wpforms-first wpforms-one-half\"><input type=\"text\" id=\"wpforms-81-field_0\" class=\"wpforms-field-name-first wpforms-field-required\" name=\"wpforms[fields][0][first]\" aria-errormessage=\"wpforms-81-field_0-error\" required><label for=\"wpforms-81-field_0\" class=\"wpforms-field-sublabel after \">First<\/label><\/div><div class=\"wpforms-field-row-block wpforms-one-half\"><input type=\"text\" id=\"wpforms-81-field_0-last\" class=\"wpforms-field-name-last wpforms-field-required\" name=\"wpforms[fields][0][last]\" aria-errormessage=\"wpforms-81-field_0-last-error\" required><label for=\"wpforms-81-field_0-last\" class=\"wpforms-field-sublabel after \">Last<\/label><\/div><\/div><\/fieldset><\/div><div id=\"wpforms-81-field_1-container\" class=\"wpforms-field wpforms-field-email\" data-field-id=\"1\"><label class=\"wpforms-field-label\" for=\"wpforms-81-field_1\">Correo electr\u00f3nico <span class=\"wpforms-required-label\" aria-hidden=\"true\">*<\/span><\/label><input type=\"email\" id=\"wpforms-81-field_1\" class=\"wpforms-field-medium wpforms-field-required\" name=\"wpforms[fields][1]\" spellcheck=\"false\" aria-errormessage=\"wpforms-81-field_1-error\" required><\/div><div id=\"wpforms-81-field_3-container\" class=\"wpforms-field wpforms-field-number\" data-field-id=\"3\"><label class=\"wpforms-field-label\" for=\"wpforms-81-field_3\">Tel\u00e9fono<\/label><input type=\"number\" pattern=\"\\d*\" id=\"wpforms-81-field_3\" class=\"wpforms-field-large\" name=\"wpforms[fields][3]\" aria-errormessage=\"wpforms-81-field_3-error\" ><\/div><div id=\"wpforms-81-field_2-container\" class=\"wpforms-field wpforms-field-textarea\" data-field-id=\"2\"><label class=\"wpforms-field-label\" for=\"wpforms-81-field_2\">Comentario o mensaje<\/label><textarea id=\"wpforms-81-field_2\" class=\"wpforms-field-medium\" name=\"wpforms[fields][2]\" aria-errormessage=\"wpforms-81-field_2-error\" ><\/textarea><\/div><\/div><!-- .wpforms-field-container --><div class=\"wpforms-submit-container\" ><input type=\"hidden\" name=\"wpforms[id]\" value=\"81\"><input type=\"hidden\" name=\"wpforms[author]\" value=\"1\"><button type=\"submit\" name=\"wpforms[submit]\" id=\"wpforms-submit-81\" class=\"wpforms-submit\" data-alt-text=\"Enviando...\" data-submit-text=\"Enviar\" aria-live=\"assertive\" value=\"wpforms-submit\">Enviar<\/button><img src=\"https:\/\/dazametales.com\/wp-content\/plugins\/wpforms-lite\/assets\/images\/submit-spin.svg\" class=\"wpforms-submit-spinner\" style=\"display: none;\" width=\"26\" height=\"26\" alt=\"Loading\"><\/div><\/form><\/div>  <!-- .wpforms-container -->\n","protected":false},"excerpt":{"rendered":"<div class=\"group w-full text-token-text-primary border-b border-black\/10 dark:border-gray-900\/50 bg-gray-50 dark:bg-[#444654]\" data-testid=\"conversation-turn-222\">\n<div class=\"p-4 justify-center text-base md:gap-6 md:py-6 m-auto\">\n<div class=\"flex flex-1 gap-4 text-base mx-auto md:gap-6 md:max-w-2xl lg:max-w-[38rem] xl:max-w-3xl }\">\n<div class=\"relative flex w-[calc(100%-50px)] flex-col gap-1 md:gap-3 lg:w-[calc(100%-115px)]\">\n<div class=\"flex flex-grow flex-col gap-3 max-w-full\">\n<div class=\"min-h-[20px] flex flex-col items-start gap-3 overflow-x-auto whitespace-pre-wrap break-words\">\n<div class=\"markdown prose w-full break-words dark:prose-invert light\">\n<p>La Phenolic CE es un laminado compuesto por tela de algod\u00f3n y resina fen\u00f3lica. Se caracteriza por su alta resistencia a la tracci\u00f3n, dureza y buenas propiedades diel\u00e9ctricas. Com\u00fanmente se utiliza en piezas de maquinaria y componentes el\u00e9ctricos. Tiene una buena resistencia qu\u00edmica, aunque es vulnerable a \u00e1cidos y alcalinos fuertes. Su estabilidad t\u00e9rmica se sit\u00faa hasta los 120\u00b0C.<\/p>\n<\/div>\n<\/div>\n<\/div>\n<\/div>\n<\/div>\n<\/div>\n<\/div>\n","protected":false},"featured_media":552,"comment_status":"closed","ping_status":"closed","template":"","meta":{"_monsterinsights_skip_tracking":false,"_monsterinsights_sitenote_active":false,"_monsterinsights_sitenote_note":"","_monsterinsights_sitenote_category":0,"_kad_post_transparent":"default","_kad_post_title":"","_kad_post_layout":"default","_kad_post_sidebar_id":"","_kad_post_content_style":"default","_kad_post_vertical_padding":"default","_kad_post_feature":"","_kad_post_feature_position":"","_kad_post_header":false,"_kad_post_footer":false},"product_cat":[108],"product_tag":[],"aioseo_notices":[],"_links":{"self":[{"href":"https:\/\/dazametales.com\/index.php\/wp-json\/wp\/v2\/product\/499"}],"collection":[{"href":"https:\/\/dazametales.com\/index.php\/wp-json\/wp\/v2\/product"}],"about":[{"href":"https:\/\/dazametales.com\/index.php\/wp-json\/wp\/v2\/types\/product"}],"replies":[{"embeddable":true,"href":"https:\/\/dazametales.com\/index.php\/wp-json\/wp\/v2\/comments?post=499"}],"wp:featuredmedia":[{"embeddable":true,"href":"https:\/\/dazametales.com\/index.php\/wp-json\/wp\/v2\/media\/552"}],"wp:attachment":[{"href":"https:\/\/dazametales.com\/index.php\/wp-json\/wp\/v2\/media?parent=499"}],"wp:term":[{"taxonomy":"product_cat","embeddable":true,"href":"https:\/\/dazametales.com\/index.php\/wp-json\/wp\/v2\/product_cat?post=499"},{"taxonomy":"product_tag","embeddable":true,"href":"https:\/\/dazametales.com\/index.php\/wp-json\/wp\/v2\/product_tag?post=499"}],"curies":[{"name":"wp","href":"https:\/\/api.w.org\/{rel}","templated":true}]}}