{"id":483,"date":"2023-09-18T22:31:21","date_gmt":"2023-09-18T22:31:21","guid":{"rendered":"https:\/\/dazametales.com\/index.php\/product\/barra-de-molibdeno\/"},"modified":"2023-09-19T21:08:16","modified_gmt":"2023-09-19T21:08:16","slug":"barra-de-molibdeno","status":"publish","type":"product","link":"https:\/\/dazametales.com\/index.php\/product\/barra-de-molibdeno\/","title":{"rendered":"BARRA DE MOLIBDENO"},"content":{"rendered":"<div class=\"flex-1 overflow-hidden\">\n<div class=\"react-scroll-to-bottom--css-xhnkp-79elbk h-full dark:bg-gray-800\">\n<div class=\"react-scroll-to-bottom--css-xhnkp-1n7m0yu\">\n<div class=\"flex flex-col text-sm dark:bg-gray-800\">\n<div class=\"group w-full text-token-text-primary border-b border-black\/10 dark:border-gray-900\/50 bg-gray-50 dark:bg-[#444654]\" data-testid=\"conversation-turn-272\">\n<div class=\"p-4 justify-center text-base md:gap-6 md:py-6 m-auto\">\n<div class=\"flex flex-1 gap-4 text-base mx-auto md:gap-6 md:max-w-2xl lg:max-w-[38rem] xl:max-w-3xl }\">\n<div class=\"relative flex w-[calc(100%-50px)] flex-col gap-1 md:gap-3 lg:w-[calc(100%-115px)]\">\n<div class=\"flex flex-grow flex-col gap-3 max-w-full\">\n<div class=\"min-h-[20px] flex flex-col items-start gap-3 overflow-x-auto whitespace-pre-wrap break-words\">\n<div class=\"markdown prose w-full break-words dark:prose-invert light\">\n<p><strong>Propiedades F\u00edsicas y Qu\u00edmicas:<\/strong><\/p>\n<ul>\n<li><strong>Composici\u00f3n:<\/strong> El molibdeno es un elemento qu\u00edmico puro con el s\u00edmbolo Mo y n\u00famero at\u00f3mico 42.<\/li>\n<li><strong>Densidad:<\/strong> Aproximadamente 10,2 g\/cm\u00b3.<\/li>\n<li><strong>Punto de Fusi\u00f3n:<\/strong> 2,623\u00b0C.<\/li>\n<li><strong>Resistencia a la Corrosi\u00f3n:<\/strong> El molibdeno tiene buena resistencia a la corrosi\u00f3n y no se oxida f\u00e1cilmente a temperaturas normales.<\/li>\n<\/ul>\n<p><strong>Propiedades Mec\u00e1nicas:<\/strong><\/p>\n<ul>\n<li><strong>Resistencia a la Tensi\u00f3n:<\/strong> Alta, siendo espec\u00edfica del grado y del procesamiento.<\/li>\n<li><strong>Rigidez:<\/strong> Muy alta.<\/li>\n<li><strong>Dureza:<\/strong> Mayor que la mayor\u00eda de los metales, pero inferior a la del tungsteno.<\/li>\n<\/ul>\n<p><strong>Aplicaciones Comunes:<\/strong><\/p>\n<ul>\n<li><strong>Aeroespacial:<\/strong> Se utiliza en aleaciones para cohetes y otras aplicaciones de alta temperatura.<\/li>\n<li><strong>Electr\u00f3nica:<\/strong> En la producci\u00f3n de filamentos y otras partes de dispositivos electr\u00f3nicos y el\u00e9ctricos.<\/li>\n<li><strong>Industria del acero:<\/strong> Como aditivo en la producci\u00f3n de aceros aleados y aceros inoxidables para mejorar sus propiedades.<\/li>\n<li><strong>Catalizadores:<\/strong> En la industria del petr\u00f3leo para la refinaci\u00f3n del petr\u00f3leo crudo.<\/li>\n<\/ul>\n<p><strong>Ventajas:<\/strong><\/p>\n<ul>\n<li><strong>Estabilidad T\u00e9rmica:<\/strong> El molibdeno tiene un alto punto de fusi\u00f3n, lo que lo hace ideal para aplicaciones que enfrentan altas temperaturas.<\/li>\n<li><strong>Resistencia a la Corrosi\u00f3n:<\/strong> A diferencia de muchos metales, el molibdeno no se oxida f\u00e1cilmente.<\/li>\n<\/ul>\n<p><strong>Precauciones:<\/strong><\/p>\n<ul>\n<li>Si bien el molibdeno es resistente a la oxidaci\u00f3n y a la corrosi\u00f3n en muchas circunstancias, puede corroerse en ambientes \u00e1cidos o alcalinos extremos.<\/li>\n<li>Al igual que otros metales refractarios, trabajar con molibdeno puede requerir t\u00e9cnicas y equipos especializados debido a su alta resistencia y punto de fusi\u00f3n.<\/li>\n<\/ul>\n<p>Las barras de molibdeno ofrecen una excelente resistencia al calor y a la corrosi\u00f3n, lo que las hace adecuadas para una amplia variedad de aplicaciones industriales, desde la aeroespacial hasta la electr\u00f3nica y la metalurgia.<\/p>\n<div class=\"wpforms-container wpforms-container-full wpforms-render-modern\" id=\"wpforms-81\"><form id=\"wpforms-form-81\" class=\"wpforms-validate wpforms-form wpforms-ajax-form\" data-formid=\"81\" method=\"post\" enctype=\"multipart\/form-data\" action=\"\/index.php\/wp-json\/wp\/v2\/product\/483\" data-token=\"9bdf5b5665c3036bfc3c72e3860ed960\"><noscript class=\"wpforms-error-noscript\">Please enable JavaScript in your browser to complete this form.<\/noscript><div class=\"wpforms-hidden\" id=\"wpforms-error-noscript\">Please enable JavaScript in your browser to complete this form.<\/div><div class=\"wpforms-field-container\"><div id=\"wpforms-81-field_0-container\" class=\"wpforms-field wpforms-field-name\" data-field-id=\"0\"><fieldset><legend class=\"wpforms-field-label\">Nombre <span class=\"wpforms-required-label\" aria-hidden=\"true\">*<\/span><\/legend><div class=\"wpforms-field-row wpforms-field-medium\"><div class=\"wpforms-field-row-block wpforms-first wpforms-one-half\"><input type=\"text\" id=\"wpforms-81-field_0\" class=\"wpforms-field-name-first wpforms-field-required\" name=\"wpforms[fields][0][first]\" aria-errormessage=\"wpforms-81-field_0-error\" required><label for=\"wpforms-81-field_0\" class=\"wpforms-field-sublabel after \">First<\/label><\/div><div class=\"wpforms-field-row-block wpforms-one-half\"><input type=\"text\" id=\"wpforms-81-field_0-last\" class=\"wpforms-field-name-last wpforms-field-required\" name=\"wpforms[fields][0][last]\" aria-errormessage=\"wpforms-81-field_0-last-error\" required><label for=\"wpforms-81-field_0-last\" class=\"wpforms-field-sublabel after \">Last<\/label><\/div><\/div><\/fieldset><\/div><div id=\"wpforms-81-field_1-container\" class=\"wpforms-field wpforms-field-email\" data-field-id=\"1\"><label class=\"wpforms-field-label\" for=\"wpforms-81-field_1\">Correo electr\u00f3nico <span class=\"wpforms-required-label\" aria-hidden=\"true\">*<\/span><\/label><input type=\"email\" id=\"wpforms-81-field_1\" class=\"wpforms-field-medium wpforms-field-required\" name=\"wpforms[fields][1]\" spellcheck=\"false\" aria-errormessage=\"wpforms-81-field_1-error\" required><\/div><div id=\"wpforms-81-field_3-container\" class=\"wpforms-field wpforms-field-number\" data-field-id=\"3\"><label class=\"wpforms-field-label\" for=\"wpforms-81-field_3\">Tel\u00e9fono<\/label><input type=\"number\" pattern=\"\\d*\" id=\"wpforms-81-field_3\" class=\"wpforms-field-large\" name=\"wpforms[fields][3]\" aria-errormessage=\"wpforms-81-field_3-error\" ><\/div><div id=\"wpforms-81-field_2-container\" class=\"wpforms-field wpforms-field-textarea\" data-field-id=\"2\"><label class=\"wpforms-field-label\" for=\"wpforms-81-field_2\">Comentario o mensaje<\/label><textarea id=\"wpforms-81-field_2\" class=\"wpforms-field-medium\" name=\"wpforms[fields][2]\" aria-errormessage=\"wpforms-81-field_2-error\" ><\/textarea><\/div><\/div><!-- .wpforms-field-container --><div class=\"wpforms-submit-container\" ><input type=\"hidden\" name=\"wpforms[id]\" value=\"81\"><input type=\"hidden\" name=\"wpforms[author]\" value=\"1\"><button type=\"submit\" name=\"wpforms[submit]\" id=\"wpforms-submit-81\" class=\"wpforms-submit\" data-alt-text=\"Enviando...\" data-submit-text=\"Enviar\" aria-live=\"assertive\" value=\"wpforms-submit\">Enviar<\/button><img src=\"https:\/\/dazametales.com\/wp-content\/plugins\/wpforms-lite\/assets\/images\/submit-spin.svg\" class=\"wpforms-submit-spinner\" style=\"display: none;\" width=\"26\" height=\"26\" alt=\"Loading\"><\/div><\/form><\/div>  <!-- .wpforms-container -->\n<\/div>\n<\/div>\n<\/div>\n<\/div>\n<\/div>\n<\/div>\n<\/div>\n<\/div>\n<\/div>\n<\/div>\n<\/div>\n","protected":false},"excerpt":{"rendered":"<p>Las barras de molibdeno ofrecen una excelente resistencia al calor y a la corrosi\u00f3n, lo que las hace adecuadas para una amplia variedad de aplicaciones industriales, desde la aeroespacial hasta la electr\u00f3nica y la metalurgia.<\/p>\n","protected":false},"featured_media":579,"comment_status":"closed","ping_status":"closed","template":"","meta":{"_monsterinsights_skip_tracking":false,"_monsterinsights_sitenote_active":false,"_monsterinsights_sitenote_note":"","_monsterinsights_sitenote_category":0,"_kad_post_transparent":"default","_kad_post_title":"","_kad_post_layout":"default","_kad_post_sidebar_id":"","_kad_post_content_style":"default","_kad_post_vertical_padding":"default","_kad_post_feature":"","_kad_post_feature_position":"","_kad_post_header":false,"_kad_post_footer":false},"product_cat":[106],"product_tag":[],"aioseo_notices":[],"_links":{"self":[{"href":"https:\/\/dazametales.com\/index.php\/wp-json\/wp\/v2\/product\/483"}],"collection":[{"href":"https:\/\/dazametales.com\/index.php\/wp-json\/wp\/v2\/product"}],"about":[{"href":"https:\/\/dazametales.com\/index.php\/wp-json\/wp\/v2\/types\/product"}],"replies":[{"embeddable":true,"href":"https:\/\/dazametales.com\/index.php\/wp-json\/wp\/v2\/comments?post=483"}],"wp:featuredmedia":[{"embeddable":true,"href":"https:\/\/dazametales.com\/index.php\/wp-json\/wp\/v2\/media\/579"}],"wp:attachment":[{"href":"https:\/\/dazametales.com\/index.php\/wp-json\/wp\/v2\/media?parent=483"}],"wp:term":[{"taxonomy":"product_cat","embeddable":true,"href":"https:\/\/dazametales.com\/index.php\/wp-json\/wp\/v2\/product_cat?post=483"},{"taxonomy":"product_tag","embeddable":true,"href":"https:\/\/dazametales.com\/index.php\/wp-json\/wp\/v2\/product_tag?post=483"}],"curies":[{"name":"wp","href":"https:\/\/api.w.org\/{rel}","templated":true}]}}