{"id":346,"date":"2023-09-12T19:33:29","date_gmt":"2023-09-12T19:33:29","guid":{"rendered":"https:\/\/dazametales.com\/index.php\/product\/4140t\/"},"modified":"2023-09-12T20:16:34","modified_gmt":"2023-09-12T20:16:34","slug":"4140t","status":"publish","type":"product","link":"https:\/\/dazametales.com\/index.php\/product\/4140t\/","title":{"rendered":"4140T"},"content":{"rendered":"<p><strong>Propiedades F\u00edsicas y Qu\u00edmicas:<\/strong><\/p>\n<ul>\n<li><strong>Composici\u00f3n:<\/strong> El acero 4140 contiene aproximadamente 0.38-0.43% de carbono, 0.75-1.00% de cromo, y 0.15-0.25% de molibdeno.<\/li>\n<li><strong>Densidad:<\/strong> Aproximadamente 7.85 g\/cm\u00b3.<\/li>\n<li><strong>Punto de fusi\u00f3n:<\/strong> Alrededor de 1,480\u00b0C (2,700\u00b0F).<\/li>\n<\/ul>\n<p><strong>Propiedades Mec\u00e1nicas:<\/strong><\/p>\n<ul>\n<li><strong>Resistencia a la tracci\u00f3n:<\/strong> Tras el temple, el 4140T puede alcanzar una resistencia a la tracci\u00f3n en el rango de 670 a 700 MPa.<\/li>\n<li><strong>Elongaci\u00f3n:<\/strong> Var\u00eda seg\u00fan el tratamiento, pero ofrece una buena elongaci\u00f3n, indicando cierta ductilidad.<\/li>\n<li><strong>Dureza:<\/strong> Despu\u00e9s del proceso de templado, puede alcanzar una dureza en el rango de 28-32 HRC.<\/li>\n<\/ul>\n<p><strong>Aplicaciones Comunes:<\/strong><\/p>\n<ul>\n<li><strong>Componentes mec\u00e1nicos:<\/strong> Como ejes, engranajes, y pernos que requieren alta resistencia y dureza.<\/li>\n<li><strong>Herramientas y moldes:<\/strong> Dado que puede mantener su forma bajo presi\u00f3n y resistencia.<\/li>\n<li><strong>Industria petrolera:<\/strong> En aplicaciones donde se necesita resistencia a altas tensiones y presiones.<\/li>\n<\/ul>\n<p><strong>Ventajas:<\/strong><\/p>\n<ul>\n<li><strong>Excelente combinaci\u00f3n de resistencia y dureza:<\/strong> Una vez templado, el 4140 ofrece una resistencia y dureza sobresalientes.<\/li>\n<li><strong>Buena maquinabilidad:<\/strong> En su estado recocido, el 4140 es relativamente f\u00e1cil de mecanizar, y posteriormente puede ser endurecido para aumentar su resistencia.<\/li>\n<li><strong>Resistencia al desgaste:<\/strong> Debido a su dureza, muestra una resistencia significativa al desgaste y la abrasi\u00f3n.<\/li>\n<\/ul>\n<p>El AISI 4140T es una versi\u00f3n templada del popular acero aleado 4140. Es conocido por su robustez y resistencia, siendo adecuado para una amplia gama de aplicaciones en donde estas caracter\u00edsticas son esenciales.<\/p>\n<div class=\"wpforms-container wpforms-container-full wpforms-render-modern\" id=\"wpforms-81\"><form id=\"wpforms-form-81\" class=\"wpforms-validate wpforms-form wpforms-ajax-form\" data-formid=\"81\" method=\"post\" enctype=\"multipart\/form-data\" action=\"\/index.php\/wp-json\/wp\/v2\/product\/346\" data-token=\"9bdf5b5665c3036bfc3c72e3860ed960\"><noscript class=\"wpforms-error-noscript\">Please enable JavaScript in your browser to complete this form.<\/noscript><div class=\"wpforms-hidden\" id=\"wpforms-error-noscript\">Please enable JavaScript in your browser to complete this form.<\/div><div class=\"wpforms-field-container\"><div id=\"wpforms-81-field_0-container\" class=\"wpforms-field wpforms-field-name\" data-field-id=\"0\"><fieldset><legend class=\"wpforms-field-label\">Nombre <span class=\"wpforms-required-label\" aria-hidden=\"true\">*<\/span><\/legend><div class=\"wpforms-field-row wpforms-field-medium\"><div class=\"wpforms-field-row-block wpforms-first wpforms-one-half\"><input type=\"text\" id=\"wpforms-81-field_0\" class=\"wpforms-field-name-first wpforms-field-required\" name=\"wpforms[fields][0][first]\" aria-errormessage=\"wpforms-81-field_0-error\" required><label for=\"wpforms-81-field_0\" class=\"wpforms-field-sublabel after \">First<\/label><\/div><div class=\"wpforms-field-row-block wpforms-one-half\"><input type=\"text\" id=\"wpforms-81-field_0-last\" class=\"wpforms-field-name-last wpforms-field-required\" name=\"wpforms[fields][0][last]\" aria-errormessage=\"wpforms-81-field_0-last-error\" required><label for=\"wpforms-81-field_0-last\" class=\"wpforms-field-sublabel after \">Last<\/label><\/div><\/div><\/fieldset><\/div><div id=\"wpforms-81-field_1-container\" class=\"wpforms-field wpforms-field-email\" data-field-id=\"1\"><label class=\"wpforms-field-label\" for=\"wpforms-81-field_1\">Correo electr\u00f3nico <span class=\"wpforms-required-label\" aria-hidden=\"true\">*<\/span><\/label><input type=\"email\" id=\"wpforms-81-field_1\" class=\"wpforms-field-medium wpforms-field-required\" name=\"wpforms[fields][1]\" spellcheck=\"false\" aria-errormessage=\"wpforms-81-field_1-error\" required><\/div><div id=\"wpforms-81-field_3-container\" class=\"wpforms-field wpforms-field-number\" data-field-id=\"3\"><label class=\"wpforms-field-label\" for=\"wpforms-81-field_3\">Tel\u00e9fono<\/label><input type=\"number\" pattern=\"\\d*\" id=\"wpforms-81-field_3\" class=\"wpforms-field-large\" name=\"wpforms[fields][3]\" aria-errormessage=\"wpforms-81-field_3-error\" ><\/div><div id=\"wpforms-81-field_2-container\" class=\"wpforms-field wpforms-field-textarea\" data-field-id=\"2\"><label class=\"wpforms-field-label\" for=\"wpforms-81-field_2\">Comentario o mensaje<\/label><textarea id=\"wpforms-81-field_2\" class=\"wpforms-field-medium\" name=\"wpforms[fields][2]\" aria-errormessage=\"wpforms-81-field_2-error\" ><\/textarea><\/div><\/div><!-- .wpforms-field-container --><div class=\"wpforms-submit-container\" ><input type=\"hidden\" name=\"wpforms[id]\" value=\"81\"><input type=\"hidden\" name=\"wpforms[author]\" value=\"1\"><button type=\"submit\" name=\"wpforms[submit]\" id=\"wpforms-submit-81\" class=\"wpforms-submit\" data-alt-text=\"Enviando...\" data-submit-text=\"Enviar\" aria-live=\"assertive\" value=\"wpforms-submit\">Enviar<\/button><img src=\"https:\/\/dazametales.com\/wp-content\/plugins\/wpforms-lite\/assets\/images\/submit-spin.svg\" class=\"wpforms-submit-spinner\" style=\"display: none;\" width=\"26\" height=\"26\" alt=\"Loading\"><\/div><\/form><\/div>  <!-- .wpforms-container -->\n","protected":false},"excerpt":{"rendered":"<p>El AISI 4140T es una designaci\u00f3n que generalmente se refiere al acero aleado 4140 en un estado templado (&#8220;T&#8221; por su denominaci\u00f3n en ingl\u00e9s &#8220;Tempered&#8221;). El AISI 4140 es un acero aleado con cromo y molibdeno que ofrece una excelente resistencia y dureza. Es uno de los aceros aleados m\u00e1s populares y es ampliamente utilizado en la fabricaci\u00f3n de componentes que requieren alta resistencia y dureza.<\/p>\n","protected":false},"featured_media":354,"comment_status":"closed","ping_status":"closed","template":"","meta":{"_monsterinsights_skip_tracking":false,"_monsterinsights_sitenote_active":false,"_monsterinsights_sitenote_note":"","_monsterinsights_sitenote_category":0,"_kad_post_transparent":"default","_kad_post_title":"","_kad_post_layout":"default","_kad_post_sidebar_id":"","_kad_post_content_style":"default","_kad_post_vertical_padding":"default","_kad_post_feature":"","_kad_post_feature_position":"","_kad_post_header":false,"_kad_post_footer":false},"product_cat":[27],"product_tag":[],"aioseo_notices":[],"_links":{"self":[{"href":"https:\/\/dazametales.com\/index.php\/wp-json\/wp\/v2\/product\/346"}],"collection":[{"href":"https:\/\/dazametales.com\/index.php\/wp-json\/wp\/v2\/product"}],"about":[{"href":"https:\/\/dazametales.com\/index.php\/wp-json\/wp\/v2\/types\/product"}],"replies":[{"embeddable":true,"href":"https:\/\/dazametales.com\/index.php\/wp-json\/wp\/v2\/comments?post=346"}],"wp:featuredmedia":[{"embeddable":true,"href":"https:\/\/dazametales.com\/index.php\/wp-json\/wp\/v2\/media\/354"}],"wp:attachment":[{"href":"https:\/\/dazametales.com\/index.php\/wp-json\/wp\/v2\/media?parent=346"}],"wp:term":[{"taxonomy":"product_cat","embeddable":true,"href":"https:\/\/dazametales.com\/index.php\/wp-json\/wp\/v2\/product_cat?post=346"},{"taxonomy":"product_tag","embeddable":true,"href":"https:\/\/dazametales.com\/index.php\/wp-json\/wp\/v2\/product_tag?post=346"}],"curies":[{"name":"wp","href":"https:\/\/api.w.org\/{rel}","templated":true}]}}