{"id":304,"date":"2023-09-12T18:57:40","date_gmt":"2023-09-12T18:57:40","guid":{"rendered":"https:\/\/dazametales.com\/index.php\/product\/titanio-esponja\/"},"modified":"2023-09-16T20:30:18","modified_gmt":"2023-09-16T20:30:18","slug":"titanio-esponja","status":"publish","type":"product","link":"https:\/\/dazametales.com\/index.php\/product\/titanio-esponja\/","title":{"rendered":"TITANIO ESPONJA"},"content":{"rendered":"<p><strong>Propiedades F\u00edsicas y Qu\u00edmicas:<\/strong><\/p>\n<ul>\n<li><strong>Composici\u00f3n:<\/strong> Esencialmente titanio, con diversos niveles de impurezas dependiendo del proceso de producci\u00f3n y la calidad del mineral original.<\/li>\n<li><strong>Apariencia:<\/strong> Como su nombre indica, se parece a una esponja met\u00e1lica debido a su estructura porosa.<\/li>\n<li><strong>Densidad:<\/strong> Aunque var\u00eda dependiendo del proceso y las impurezas, es significativamente menor que la del titanio s\u00f3lido debido a su porosidad.<\/li>\n<\/ul>\n<p><strong>Aplicaciones Comunes:<\/strong><\/p>\n<ul>\n<li><strong>Producci\u00f3n de Titanio Met\u00e1lico:<\/strong> Es el principal precursor del titanio met\u00e1lico y sus aleaciones. Se funde y se refina para obtener lingotes de titanio.<\/li>\n<li><strong>Aleaciones:<\/strong> Se utiliza como material base para producir diversas aleaciones de titanio utilizadas en la industria aeroespacial, m\u00e9dica y automotriz, entre otras.<\/li>\n<\/ul>\n<p><strong>Ventajas:<\/strong><\/p>\n<ul>\n<li><strong>Material Base:<\/strong> Sirve como un punto de partida crucial para obtener titanio de alta pureza y sus aleaciones.<\/li>\n<li><strong>Reducci\u00f3n de Impurezas:<\/strong> A trav\u00e9s del proceso de producci\u00f3n de titanio esponja, muchas impurezas presentes en el mineral original se eliminan.<\/li>\n<\/ul>\n<p><strong>Precauciones:<\/strong><\/p>\n<ul>\n<li><strong>Manipulaci\u00f3n:<\/strong> Aunque el titanio es generalmente seguro, el polvo de titanio es inflamable. La manipulaci\u00f3n del titanio esponja debe hacerse en entornos controlados para evitar la formaci\u00f3n de polvo.<\/li>\n<li><strong>Almacenamiento:<\/strong> Debe ser almacenado en lugares secos y alejados de materiales inflamables o fuentes de chispa.<\/li>\n<\/ul>\n<p>El titanio esponja es una etapa esencial en la producci\u00f3n del titanio met\u00e1lico y sus aleaciones. Es la transici\u00f3n entre el mineral de titanio y los productos de titanio que se utilizan en diversas aplicaciones industriales y comerciales.<\/p>\n<div class=\"wpforms-container wpforms-container-full wpforms-render-modern\" id=\"wpforms-81\"><form id=\"wpforms-form-81\" class=\"wpforms-validate wpforms-form wpforms-ajax-form\" data-formid=\"81\" method=\"post\" enctype=\"multipart\/form-data\" action=\"\/index.php\/wp-json\/wp\/v2\/product\/304\" data-token=\"9bdf5b5665c3036bfc3c72e3860ed960\"><noscript class=\"wpforms-error-noscript\">Please enable JavaScript in your browser to complete this form.<\/noscript><div class=\"wpforms-hidden\" id=\"wpforms-error-noscript\">Please enable JavaScript in your browser to complete this form.<\/div><div class=\"wpforms-field-container\"><div id=\"wpforms-81-field_0-container\" class=\"wpforms-field wpforms-field-name\" data-field-id=\"0\"><fieldset><legend class=\"wpforms-field-label\">Nombre <span class=\"wpforms-required-label\" aria-hidden=\"true\">*<\/span><\/legend><div class=\"wpforms-field-row wpforms-field-medium\"><div class=\"wpforms-field-row-block wpforms-first wpforms-one-half\"><input type=\"text\" id=\"wpforms-81-field_0\" class=\"wpforms-field-name-first wpforms-field-required\" name=\"wpforms[fields][0][first]\" aria-errormessage=\"wpforms-81-field_0-error\" required><label for=\"wpforms-81-field_0\" class=\"wpforms-field-sublabel after \">First<\/label><\/div><div class=\"wpforms-field-row-block wpforms-one-half\"><input type=\"text\" id=\"wpforms-81-field_0-last\" class=\"wpforms-field-name-last wpforms-field-required\" name=\"wpforms[fields][0][last]\" aria-errormessage=\"wpforms-81-field_0-last-error\" required><label for=\"wpforms-81-field_0-last\" class=\"wpforms-field-sublabel after \">Last<\/label><\/div><\/div><\/fieldset><\/div><div id=\"wpforms-81-field_1-container\" class=\"wpforms-field wpforms-field-email\" data-field-id=\"1\"><label class=\"wpforms-field-label\" for=\"wpforms-81-field_1\">Correo electr\u00f3nico <span class=\"wpforms-required-label\" aria-hidden=\"true\">*<\/span><\/label><input type=\"email\" id=\"wpforms-81-field_1\" class=\"wpforms-field-medium wpforms-field-required\" name=\"wpforms[fields][1]\" spellcheck=\"false\" aria-errormessage=\"wpforms-81-field_1-error\" required><\/div><div id=\"wpforms-81-field_3-container\" class=\"wpforms-field wpforms-field-number\" data-field-id=\"3\"><label class=\"wpforms-field-label\" for=\"wpforms-81-field_3\">Tel\u00e9fono<\/label><input type=\"number\" pattern=\"\\d*\" id=\"wpforms-81-field_3\" class=\"wpforms-field-large\" name=\"wpforms[fields][3]\" aria-errormessage=\"wpforms-81-field_3-error\" ><\/div><div id=\"wpforms-81-field_2-container\" class=\"wpforms-field wpforms-field-textarea\" data-field-id=\"2\"><label class=\"wpforms-field-label\" for=\"wpforms-81-field_2\">Comentario o mensaje<\/label><textarea id=\"wpforms-81-field_2\" class=\"wpforms-field-medium\" name=\"wpforms[fields][2]\" aria-errormessage=\"wpforms-81-field_2-error\" ><\/textarea><\/div><\/div><!-- .wpforms-field-container --><div class=\"wpforms-submit-container\" ><input type=\"hidden\" name=\"wpforms[id]\" value=\"81\"><input type=\"hidden\" name=\"wpforms[author]\" value=\"1\"><button type=\"submit\" name=\"wpforms[submit]\" id=\"wpforms-submit-81\" class=\"wpforms-submit\" data-alt-text=\"Enviando...\" data-submit-text=\"Enviar\" aria-live=\"assertive\" value=\"wpforms-submit\">Enviar<\/button><img src=\"https:\/\/dazametales.com\/wp-content\/plugins\/wpforms-lite\/assets\/images\/submit-spin.svg\" class=\"wpforms-submit-spinner\" style=\"display: none;\" width=\"26\" height=\"26\" alt=\"Loading\"><\/div><\/form><\/div>  <!-- .wpforms-container -->\n","protected":false},"excerpt":{"rendered":"<p>El titanio esponja es una forma preliminar del titanio met\u00e1lico, producida durante la primera etapa de procesamiento del mineral de titanio. Despu\u00e9s de purificar el mineral, se transforma en una estructura porosa que se asemeja a una &#8220;esponja&#8221;, de ah\u00ed su nombre. A partir de esta forma, el titanio puede ser procesado y aleado para su uso en una variedad de aplicaciones.<\/p>\n","protected":false},"featured_media":414,"comment_status":"closed","ping_status":"closed","template":"","meta":{"_monsterinsights_skip_tracking":false,"_monsterinsights_sitenote_active":false,"_monsterinsights_sitenote_note":"","_monsterinsights_sitenote_category":0,"_kad_post_transparent":"default","_kad_post_title":"","_kad_post_layout":"default","_kad_post_sidebar_id":"","_kad_post_content_style":"default","_kad_post_vertical_padding":"default","_kad_post_feature":"","_kad_post_feature_position":"","_kad_post_header":false,"_kad_post_footer":false},"product_cat":[101],"product_tag":[],"aioseo_notices":[],"_links":{"self":[{"href":"https:\/\/dazametales.com\/index.php\/wp-json\/wp\/v2\/product\/304"}],"collection":[{"href":"https:\/\/dazametales.com\/index.php\/wp-json\/wp\/v2\/product"}],"about":[{"href":"https:\/\/dazametales.com\/index.php\/wp-json\/wp\/v2\/types\/product"}],"replies":[{"embeddable":true,"href":"https:\/\/dazametales.com\/index.php\/wp-json\/wp\/v2\/comments?post=304"}],"wp:featuredmedia":[{"embeddable":true,"href":"https:\/\/dazametales.com\/index.php\/wp-json\/wp\/v2\/media\/414"}],"wp:attachment":[{"href":"https:\/\/dazametales.com\/index.php\/wp-json\/wp\/v2\/media?parent=304"}],"wp:term":[{"taxonomy":"product_cat","embeddable":true,"href":"https:\/\/dazametales.com\/index.php\/wp-json\/wp\/v2\/product_cat?post=304"},{"taxonomy":"product_tag","embeddable":true,"href":"https:\/\/dazametales.com\/index.php\/wp-json\/wp\/v2\/product_tag?post=304"}],"curies":[{"name":"wp","href":"https:\/\/api.w.org\/{rel}","templated":true}]}}