{"id":220,"date":"2023-09-08T21:22:39","date_gmt":"2023-09-08T21:22:39","guid":{"rendered":"https:\/\/dazametales.com\/?post_type=product&#038;p=220"},"modified":"2023-09-08T21:23:54","modified_gmt":"2023-09-08T21:23:54","slug":"uns-c93700-sae-64","status":"publish","type":"product","link":"https:\/\/dazametales.com\/index.php\/product\/uns-c93700-sae-64\/","title":{"rendered":"UNS C93700\/ SAE 64"},"content":{"rendered":"<p><strong>Propiedades F\u00edsicas y Qu\u00edmicas:<\/strong><\/p>\n<ul>\n<li><strong>Composici\u00f3n:<\/strong> Principalmente compuesto por cobre (entre 78%-81%), esta\u00f1o (entre 6.3%-7.5%), y plomo (entre 8%-11%).<\/li>\n<li><strong>Densidad:<\/strong> Aproximadamente 8,8 g\/cm\u00b3.<\/li>\n<li><strong>Punto de fusi\u00f3n:<\/strong> Alrededor de 740\u00b0C a 950\u00b0C.<\/li>\n<li><strong>Conductividad el\u00e9ctrica:<\/strong> Moderada, siendo inferior al cobre puro debido a las aleaciones.<\/li>\n<li><strong>Resistencia a la corrosi\u00f3n:<\/strong> Ofrece una buena resistencia a la corrosi\u00f3n en ambientes industriales y marinos.<\/li>\n<\/ul>\n<p><strong>Propiedades Mec\u00e1nicas:<\/strong><\/p>\n<ul>\n<li><strong>Resistencia a la tracci\u00f3n:<\/strong> Aproximadamente 240 MPa.<\/li>\n<li><strong>Elongaci\u00f3n:<\/strong> 13% en una longitud de 2 pulgadas.<\/li>\n<\/ul>\n<p><strong>Aplicaciones Comunes:<\/strong><\/p>\n<ul>\n<li><strong>Cojinetes:<\/strong> Dada su buena resistencia al desgaste y su capacidad de auto-lubricaci\u00f3n.<\/li>\n<li><strong>Componentes de maquinaria:<\/strong> Partes de alta velocidad y baja carga en m\u00e1quinas.<\/li>\n<li><strong>Bujes y arandelas:<\/strong> Usados en m\u00faltiples aplicaciones industriales.<\/li>\n<li><strong>Partes de v\u00e1lvulas:<\/strong> Espec\u00edficamente en ambientes donde la corrosi\u00f3n es una preocupaci\u00f3n.<\/li>\n<\/ul>\n<p><strong>Ventajas:<\/strong><\/p>\n<ul>\n<li><strong>Maquinabilidad:<\/strong> Se destaca por su excelente maquinabilidad, permitiendo acabados de alta calidad.<\/li>\n<li><strong>Resistencia al desgaste:<\/strong> La presencia de plomo en la aleaci\u00f3n proporciona una buena resistencia al desgaste y una capacidad de auto-lubricaci\u00f3n.<\/li>\n<li><strong>Versatilidad:<\/strong> Se adapta a una variedad de aplicaciones, dada su combinaci\u00f3n de dureza y resistencia.<\/li>\n<\/ul>\n<p>El Bronce UNS C93700, o SAE 64, es una aleaci\u00f3n que combina cobre, esta\u00f1o y plomo en proporciones que le confieren propiedades ideales para aplicaciones donde se requiere resistencia al desgaste, buena maquinabilidad y cierta resistencia a la corrosi\u00f3n. Es ampliamente utilizado en la industria para componentes que requieren precisi\u00f3n y durabilidad.<\/p>\n<div class=\"wpforms-container wpforms-container-full wpforms-render-modern\" id=\"wpforms-81\"><form id=\"wpforms-form-81\" class=\"wpforms-validate wpforms-form wpforms-ajax-form\" data-formid=\"81\" method=\"post\" enctype=\"multipart\/form-data\" action=\"\/index.php\/wp-json\/wp\/v2\/product\/220\" data-token=\"9bdf5b5665c3036bfc3c72e3860ed960\"><noscript class=\"wpforms-error-noscript\">Please enable JavaScript in your browser to complete this form.<\/noscript><div class=\"wpforms-hidden\" id=\"wpforms-error-noscript\">Please enable JavaScript in your browser to complete this form.<\/div><div class=\"wpforms-field-container\"><div id=\"wpforms-81-field_0-container\" class=\"wpforms-field wpforms-field-name\" data-field-id=\"0\"><fieldset><legend class=\"wpforms-field-label\">Nombre <span class=\"wpforms-required-label\" aria-hidden=\"true\">*<\/span><\/legend><div class=\"wpforms-field-row wpforms-field-medium\"><div class=\"wpforms-field-row-block wpforms-first wpforms-one-half\"><input type=\"text\" id=\"wpforms-81-field_0\" class=\"wpforms-field-name-first wpforms-field-required\" name=\"wpforms[fields][0][first]\" aria-errormessage=\"wpforms-81-field_0-error\" required><label for=\"wpforms-81-field_0\" class=\"wpforms-field-sublabel after \">First<\/label><\/div><div class=\"wpforms-field-row-block wpforms-one-half\"><input type=\"text\" id=\"wpforms-81-field_0-last\" class=\"wpforms-field-name-last wpforms-field-required\" name=\"wpforms[fields][0][last]\" aria-errormessage=\"wpforms-81-field_0-last-error\" required><label for=\"wpforms-81-field_0-last\" class=\"wpforms-field-sublabel after \">Last<\/label><\/div><\/div><\/fieldset><\/div><div id=\"wpforms-81-field_1-container\" class=\"wpforms-field wpforms-field-email\" data-field-id=\"1\"><label class=\"wpforms-field-label\" for=\"wpforms-81-field_1\">Correo electr\u00f3nico <span class=\"wpforms-required-label\" aria-hidden=\"true\">*<\/span><\/label><input type=\"email\" id=\"wpforms-81-field_1\" class=\"wpforms-field-medium wpforms-field-required\" name=\"wpforms[fields][1]\" spellcheck=\"false\" aria-errormessage=\"wpforms-81-field_1-error\" required><\/div><div id=\"wpforms-81-field_3-container\" class=\"wpforms-field wpforms-field-number\" data-field-id=\"3\"><label class=\"wpforms-field-label\" for=\"wpforms-81-field_3\">Tel\u00e9fono<\/label><input type=\"number\" pattern=\"\\d*\" id=\"wpforms-81-field_3\" class=\"wpforms-field-large\" name=\"wpforms[fields][3]\" aria-errormessage=\"wpforms-81-field_3-error\" ><\/div><div id=\"wpforms-81-field_2-container\" class=\"wpforms-field wpforms-field-textarea\" data-field-id=\"2\"><label class=\"wpforms-field-label\" for=\"wpforms-81-field_2\">Comentario o mensaje<\/label><textarea id=\"wpforms-81-field_2\" class=\"wpforms-field-medium\" name=\"wpforms[fields][2]\" aria-errormessage=\"wpforms-81-field_2-error\" ><\/textarea><\/div><\/div><!-- .wpforms-field-container --><div class=\"wpforms-submit-container\" ><input type=\"hidden\" name=\"wpforms[id]\" value=\"81\"><input type=\"hidden\" name=\"wpforms[author]\" value=\"1\"><button type=\"submit\" name=\"wpforms[submit]\" id=\"wpforms-submit-81\" class=\"wpforms-submit\" data-alt-text=\"Enviando...\" data-submit-text=\"Enviar\" aria-live=\"assertive\" value=\"wpforms-submit\">Enviar<\/button><img src=\"https:\/\/dazametales.com\/wp-content\/plugins\/wpforms-lite\/assets\/images\/submit-spin.svg\" class=\"wpforms-submit-spinner\" style=\"display: none;\" width=\"26\" height=\"26\" alt=\"Loading\"><\/div><\/form><\/div>  <!-- .wpforms-container -->\n","protected":false},"excerpt":{"rendered":"<p>El Bronce UNS C93700, conocido tambi\u00e9n como SAE 64, es una aleaci\u00f3n que combina cobre, esta\u00f1o y plomo. Se destaca por su excelente maquinabilidad, resistencia al desgaste y capacidad de auto-lubricaci\u00f3n. Com\u00fanmente utilizado en cojinetes, componentes de maquinaria y partes de v\u00e1lvulas, es ideal para aplicaciones que requieren precisi\u00f3n y durabilidad en ambientes industriales y marinos.<\/p>\n","protected":false},"featured_media":221,"comment_status":"closed","ping_status":"closed","template":"","meta":{"_monsterinsights_skip_tracking":false,"_monsterinsights_sitenote_active":false,"_monsterinsights_sitenote_note":"","_monsterinsights_sitenote_category":0,"_kad_post_transparent":"default","_kad_post_title":"","_kad_post_layout":"default","_kad_post_sidebar_id":"","_kad_post_content_style":"default","_kad_post_vertical_padding":"default","_kad_post_feature":"","_kad_post_feature_position":"","_kad_post_header":false,"_kad_post_footer":false},"product_cat":[98],"product_tag":[],"aioseo_notices":[],"_links":{"self":[{"href":"https:\/\/dazametales.com\/index.php\/wp-json\/wp\/v2\/product\/220"}],"collection":[{"href":"https:\/\/dazametales.com\/index.php\/wp-json\/wp\/v2\/product"}],"about":[{"href":"https:\/\/dazametales.com\/index.php\/wp-json\/wp\/v2\/types\/product"}],"replies":[{"embeddable":true,"href":"https:\/\/dazametales.com\/index.php\/wp-json\/wp\/v2\/comments?post=220"}],"wp:featuredmedia":[{"embeddable":true,"href":"https:\/\/dazametales.com\/index.php\/wp-json\/wp\/v2\/media\/221"}],"wp:attachment":[{"href":"https:\/\/dazametales.com\/index.php\/wp-json\/wp\/v2\/media?parent=220"}],"wp:term":[{"taxonomy":"product_cat","embeddable":true,"href":"https:\/\/dazametales.com\/index.php\/wp-json\/wp\/v2\/product_cat?post=220"},{"taxonomy":"product_tag","embeddable":true,"href":"https:\/\/dazametales.com\/index.php\/wp-json\/wp\/v2\/product_tag?post=220"}],"curies":[{"name":"wp","href":"https:\/\/api.w.org\/{rel}","templated":true}]}}