{"id":111,"date":"2023-09-05T18:07:15","date_gmt":"2023-09-05T18:07:15","guid":{"rendered":"https:\/\/dazametales.com\/?page_id=111"},"modified":"2023-09-26T21:08:29","modified_gmt":"2023-09-26T21:08:29","slug":"nosotros","status":"publish","type":"page","link":"https:\/\/dazametales.com\/index.php\/nosotros\/","title":{"rendered":"Nosotros"},"content":{"rendered":"\n<p>Nacida en el coraz\u00f3n de Monterrey, DAZA METALES es una empresa orgullosamente mexicana con una rica trayectoria de m\u00e1s de cinco a\u00f1os en el mundo de las aleaciones met\u00e1licas. Si bien nuestra historia oficial comenz\u00f3 hace poco, nuestra experiencia y conocimiento en el campo data de mucho m\u00e1s tiempo, lo que nos permite generar soluciones y log\u00edstica de materias primas que atienden a las necesidades de la industria.<\/p>\n\n\n\n<h2 class=\"wp-block-heading has-text-align-center\">Nuestra Visi\u00f3n y Misi\u00f3n<\/h2>\n\n\n\n<details class=\"wp-block-details\" open><summary>Misi\u00f3n<\/summary>\n<p>Nuestra misi\u00f3n es proporcionar soluciones de abastecimiento de los distintos materiales para la industriade manufactura y construcci\u00f3n &nbsp;de la m\u00e1s alta calidad, superando continuamente las expectativas de nuestros clientes en t\u00e9rminos de calidad del producto y servicio personalizado. A trav\u00e9s de la innovaci\u00f3n constante en nuestros procesos y la colaboraci\u00f3n estrecha con nuestros clientes, nos esforzamos por ser l\u00edderes en la entrega de soluciones de abastecimiento eficientes y sostenibles que impulsen el \u00e9xito de nuestros socios comerciales.<\/p>\n<\/details>\n\n\n\n<details class=\"wp-block-details\" open><summary>Visi\u00f3n<\/summary>\n<p>Ser la referencia indiscutible en soluciones de abastecimiento y log\u00edstica de los distintos materiales para industria de manufactura y construcci\u00f3n, destacando por la excelencia en calidad, el servicio insuperable y la innovaci\u00f3n constante. Nuestro compromiso es elevar los est\u00e1ndares de la industria y brindar un valor inigualable a nuestros clientes.&#8221;<\/p>\n<\/details>\n\n\n\n<h2 class=\"wp-block-heading has-text-align-center\">Valores de empresa y pol\u00edtica de calidad<\/h2>\n\n\n\n<p class=\"has-text-align-center\">En DAZA Metales, consideramos la calidad como el pilar fundamental de nuestra identidad y operaci\u00f3n empresarial. Nuestra pol\u00edtica de calidad est\u00e1 arraigada en principios s\u00f3lidos y compromisos inquebrantables que reflejan nuestra visi\u00f3n y valores:<\/p>\n\n\n\n<h3 class=\"wp-block-heading\">Excelencia en la Producci\u00f3n:<\/h3>\n\n\n\n<p>Nos esforzamos incansablemente por alcanzar la excelencia en la fabricaci\u00f3n y distribuci\u00f3n de aleaciones met\u00e1licas. Cada producto que lleva nuestro nombre es el resultado de un meticuloso proceso de producci\u00f3n y un compromiso inflexible con los est\u00e1ndares m\u00e1s altos.<\/p>\n\n\n\n<h3 class=\"wp-block-heading\">Satisfacci\u00f3n del Cliente:<\/h3>\n\n\n\n<p>La satisfacci\u00f3n de nuestros clientes es primordial. Nos dedicamos a comprender sus necesidades, anticipar sus expectativas y entregar soluciones que excedan sus requerimientos en t\u00e9rminos de calidad y servicio.<\/p>\n\n\n\n<h3 class=\"wp-block-heading\">Innovaci\u00f3n Continua:<\/h3>\n\n\n\n<p>Estamos comprometidos con la innovaci\u00f3n constante en nuestros procesos y productos. Buscamos adoptar las mejores pr\u00e1cticas y tecnolog\u00edas emergentes para mantenernos a la vanguardia de la industria.<\/p>\n\n\n\n<h3 class=\"wp-block-heading\">Cumplimiento Normativo<\/h3>\n\n\n\n<p>Nos adherimos rigurosamente a todas las regulaciones y normativas relevantes para garantizar la seguridad, calidad y confiabilidad de nuestros productos y servicios.<\/p>\n\n\n\n<h3 class=\"wp-block-heading\">&nbsp;Desarrollo del Talento:<\/h3>\n\n\n\n<p>Fomentamos el desarrollo profesional y personal de nuestro equipo. Proporcionamos capacitaci\u00f3n y recursos para que cada miembro del personal alcance su m\u00e1ximo potencial.<\/p>\n\n\n\n<h3 class=\"wp-block-heading\">Responsabilidad Social y Ambiental:<\/h3>\n\n\n\n<p>Somos conscientes de nuestro impacto en el entorno y la sociedad. Operamos de manera responsable y sostenible, minimizando nuestro impacto ambiental y contribuyendo positivamente a las comunidades en las que trabajamos.<\/p>\n\n\n\n<h3 class=\"wp-block-heading\">Comunicaci\u00f3n Transparente:<\/h3>\n\n\n\n<p>Promovemos una comunicaci\u00f3n abierta y transparente en toda la organizaci\u00f3n, facilitando la colaboraci\u00f3n y el entendimiento mutuo en la b\u00fasqueda de nuestros objetivos de calidad.<\/p>\n\n\n\n<p class=\"has-text-align-center\">Esta pol\u00edtica de calidad es una declaraci\u00f3n de nuestros principios fundamentales y se revisa regularmente para asegurarnos de que est\u00e9 alineada con nuestros objetivos empresariales y de calidad.<\/p>\n\n\n<div class=\"wp-block-image\">\n<figure class=\"aligncenter size-full is-resized\"><img decoding=\"async\" loading=\"lazy\" src=\"https:\/\/dazametales.com\/wp-content\/uploads\/2023\/09\/SIGNATURE-removebg-preview.png\" alt=\"\" class=\"wp-image-618\" style=\"width:231px;height:137px\" width=\"231\" height=\"137\" srcset=\"https:\/\/dazametales.com\/wp-content\/uploads\/2023\/09\/SIGNATURE-removebg-preview.png 648w, https:\/\/dazametales.com\/wp-content\/uploads\/2023\/09\/SIGNATURE-removebg-preview-300x178.png 300w, https:\/\/dazametales.com\/wp-content\/uploads\/2023\/09\/SIGNATURE-removebg-preview-600x356.png 600w\" sizes=\"(max-width: 231px) 100vw, 231px\" \/><figcaption class=\"wp-element-caption\"><strong>CEO, DANIEL ZAVALA<\/strong><\/figcaption><\/figure><\/div>","protected":false},"excerpt":{"rendered":"<p>Nacida en el coraz\u00f3n de Monterrey, DAZA METALES es una empresa orgullosamente mexicana con una rica trayectoria de m\u00e1s de cinco a\u00f1os en el mundo de las aleaciones met\u00e1licas. Si bien nuestra historia oficial comenz\u00f3 hace poco, nuestra experiencia y conocimiento en el campo data de mucho m\u00e1s tiempo, lo que nos permite generar soluciones&#8230;<\/p>\n","protected":false},"author":1,"featured_media":0,"parent":0,"menu_order":0,"comment_status":"closed","ping_status":"closed","template":"","meta":{"_monsterinsights_skip_tracking":false,"_monsterinsights_sitenote_active":false,"_monsterinsights_sitenote_note":"","_monsterinsights_sitenote_category":0,"_kad_post_transparent":"","_kad_post_title":"","_kad_post_layout":"","_kad_post_sidebar_id":"","_kad_post_content_style":"","_kad_post_vertical_padding":"","_kad_post_feature":"","_kad_post_feature_position":"","_kad_post_header":false,"_kad_post_footer":false,"footnotes":""},"aioseo_notices":[],"_links":{"self":[{"href":"https:\/\/dazametales.com\/index.php\/wp-json\/wp\/v2\/pages\/111"}],"collection":[{"href":"https:\/\/dazametales.com\/index.php\/wp-json\/wp\/v2\/pages"}],"about":[{"href":"https:\/\/dazametales.com\/index.php\/wp-json\/wp\/v2\/types\/page"}],"author":[{"embeddable":true,"href":"https:\/\/dazametales.com\/index.php\/wp-json\/wp\/v2\/users\/1"}],"replies":[{"embeddable":true,"href":"https:\/\/dazametales.com\/index.php\/wp-json\/wp\/v2\/comments?post=111"}],"version-history":[{"count":7,"href":"https:\/\/dazametales.com\/index.php\/wp-json\/wp\/v2\/pages\/111\/revisions"}],"predecessor-version":[{"id":620,"href":"https:\/\/dazametales.com\/index.php\/wp-json\/wp\/v2\/pages\/111\/revisions\/620"}],"wp:attachment":[{"href":"https:\/\/dazametales.com\/index.php\/wp-json\/wp\/v2\/media?parent=111"}],"curies":[{"name":"wp","href":"https:\/\/api.w.org\/{rel}","templated":true}]}}